{"id":505,"date":"2025-08-01T11:09:14","date_gmt":"2025-08-01T11:09:14","guid":{"rendered":"https:\/\/asadorfaneco.com\/?page_id=505"},"modified":"2025-09-11T20:59:42","modified_gmt":"2025-09-11T20:59:42","slug":"politica-de-cookies","status":"publish","type":"page","link":"https:\/\/asadorfaneco.com\/es\/politica-de-cookies\/","title":{"rendered":"Pol\u00edtica de Cookies"},"content":{"rendered":"\n<p class=\"\"><strong>\u00bfQu\u00e9 son las cookies?<\/strong><br>Una cookie es un peque\u00f1o archivo que se almacena en tu navegador cuando visitas una p\u00e1gina web. Sirven para recordar tus preferencias y analizar la navegaci\u00f3n.<\/p>\n\n\n\n<p class=\"\"><strong>Cookies utilizadas en este sitio<\/strong><\/p>\n\n\n\n<ul class=\"wp-block-list\">\n<li class=\"\"><strong>Cookies t\u00e9cnicas<\/strong>: necesarias para el funcionamiento b\u00e1sico del sitio.<\/li>\n\n\n\n<li class=\"\"><strong>Cookies anal\u00edticas<\/strong> (Google Analytics): recopilan datos an\u00f3nimos sobre el uso de la web para mejorar la experiencia del usuario.<\/li>\n\n\n\n<li class=\"\"><strong>Cookies de terceros<\/strong>: como las de Google Maps o redes sociales (si las hubiera).<\/li>\n<\/ul>\n\n\n\n<p class=\"\"><strong>Gesti\u00f3n de cookies<\/strong><br>Al acceder al sitio, se te informa sobre el uso de cookies. Puedes aceptar, rechazar o configurar su uso desde el banner inicial. Tambi\u00e9n puedes eliminar o bloquear cookies desde la configuraci\u00f3n de tu navegador.<\/p>\n\n\n\n<p class=\"\"><strong>Desactivaci\u00f3n por navegador<\/strong>:<\/p>\n\n\n\n<ul class=\"wp-block-list\">\n<li class=\"\">Chrome<\/li>\n\n\n\n<li class=\"\">Firefox<\/li>\n\n\n\n<li class=\"\">Safari<\/li>\n\n\n\n<li class=\"\">Edge<\/li>\n<\/ul>\n\n\n\n<p class=\"\"><strong>Cambios en la pol\u00edtica de cookies<\/strong><br>Nos reservamos el derecho de modificar esta pol\u00edtica cuando sea necesario, por cambios normativos o mejoras t\u00e9cnicas.<\/p>\n","protected":false},"excerpt":{"rendered":"<p>\u00bfQu\u00e9 son las cookies?Una cookie es un peque\u00f1o archivo que se almacena en tu navegador cuando visitas una p\u00e1gina web. Sirven para recordar tus preferencias y analizar la navegaci\u00f3n. Cookies utilizadas en este sitio Gesti\u00f3n de cookiesAl acceder al sitio, se te informa sobre el uso de cookies. Puedes aceptar, rechazar o configurar su uso [&hellip;]<\/p>\n","protected":false},"author":1,"featured_media":0,"parent":0,"menu_order":0,"comment_status":"closed","ping_status":"closed","template":"","meta":{"nf_dc_page":"","om_disable_all_campaigns":false,"_monsterinsights_skip_tracking":false,"_monsterinsights_sitenote_active":false,"_monsterinsights_sitenote_note":"","_monsterinsights_sitenote_category":0,"footnotes":""},"class_list":["post-505","page","type-page","status-publish","hentry"],"yoast_head":"<!-- This site is optimized with the Yoast SEO plugin v27.5 - https:\/\/yoast.com\/product\/yoast-seo-wordpress\/ -->\n<title>Pol\u00edtica de Cookies - Asador Faneco<\/title>\n<meta name=\"robots\" content=\"index, follow, max-snippet:-1, max-image-preview:large, max-video-preview:-1\" \/>\n<link rel=\"canonical\" href=\"https:\/\/asadorfaneco.com\/es\/politica-de-cookies\/\" \/>\n<meta property=\"og:locale\" content=\"es_ES\" \/>\n<meta property=\"og:type\" content=\"article\" \/>\n<meta property=\"og:title\" content=\"Pol\u00edtica de Cookies - Asador Faneco\" \/>\n<meta property=\"og:description\" content=\"\u00bfQu\u00e9 son las cookies?Una cookie es un peque\u00f1o archivo que se almacena en tu navegador cuando visitas una p\u00e1gina web. Sirven para recordar tus preferencias y analizar la navegaci\u00f3n. Cookies utilizadas en este sitio Gesti\u00f3n de cookiesAl acceder al sitio, se te informa sobre el uso de cookies. Puedes aceptar, rechazar o configurar su uso [&hellip;]\" \/>\n<meta property=\"og:url\" content=\"https:\/\/asadorfaneco.com\/es\/politica-de-cookies\/\" \/>\n<meta property=\"og:site_name\" content=\"Asador Faneco\" \/>\n<meta property=\"article:modified_time\" content=\"2025-09-11T20:59:42+00:00\" \/>\n<meta name=\"twitter:card\" content=\"summary_large_image\" \/>\n<meta name=\"twitter:label1\" content=\"Tiempo de lectura\" \/>\n\t<meta name=\"twitter:data1\" content=\"1 minuto\" \/>\n<script type=\"application\/ld+json\" class=\"yoast-schema-graph\">{\"@context\":\"https:\\\/\\\/schema.org\",\"@graph\":[{\"@type\":\"WebPage\",\"@id\":\"https:\\\/\\\/asadorfaneco.com\\\/politica-de-cookies\\\/\",\"url\":\"https:\\\/\\\/asadorfaneco.com\\\/politica-de-cookies\\\/\",\"name\":\"Pol\u00edtica de Cookies - Asador Faneco\",\"isPartOf\":{\"@id\":\"https:\\\/\\\/asadorfaneco.com\\\/#website\"},\"datePublished\":\"2025-08-01T11:09:14+00:00\",\"dateModified\":\"2025-09-11T20:59:42+00:00\",\"breadcrumb\":{\"@id\":\"https:\\\/\\\/asadorfaneco.com\\\/politica-de-cookies\\\/#breadcrumb\"},\"inLanguage\":\"es\",\"potentialAction\":[{\"@type\":\"ReadAction\",\"target\":[\"https:\\\/\\\/asadorfaneco.com\\\/politica-de-cookies\\\/\"]}]},{\"@type\":\"BreadcrumbList\",\"@id\":\"https:\\\/\\\/asadorfaneco.com\\\/politica-de-cookies\\\/#breadcrumb\",\"itemListElement\":[{\"@type\":\"ListItem\",\"position\":1,\"name\":\"Home\",\"item\":\"https:\\\/\\\/asadorfaneco.com\\\/\"},{\"@type\":\"ListItem\",\"position\":2,\"name\":\"Pol\u00edtica de Cookies\"}]},{\"@type\":\"WebSite\",\"@id\":\"https:\\\/\\\/asadorfaneco.com\\\/#website\",\"url\":\"https:\\\/\\\/asadorfaneco.com\\\/\",\"name\":\"Asador Faneco\",\"description\":\"Brasas, m\u00fasica y naturaleza\",\"potentialAction\":[{\"@type\":\"SearchAction\",\"target\":{\"@type\":\"EntryPoint\",\"urlTemplate\":\"https:\\\/\\\/asadorfaneco.com\\\/?s={search_term_string}\"},\"query-input\":{\"@type\":\"PropertyValueSpecification\",\"valueRequired\":true,\"valueName\":\"search_term_string\"}}],\"inLanguage\":\"es\"}]}<\/script>\n<!-- \/ Yoast SEO plugin. -->","yoast_head_json":{"title":"Pol\u00edtica de Cookies - Asador Faneco","robots":{"index":"index","follow":"follow","max-snippet":"max-snippet:-1","max-image-preview":"max-image-preview:large","max-video-preview":"max-video-preview:-1"},"canonical":"https:\/\/asadorfaneco.com\/es\/politica-de-cookies\/","og_locale":"es_ES","og_type":"article","og_title":"Pol\u00edtica de Cookies - Asador Faneco","og_description":"\u00bfQu\u00e9 son las cookies?Una cookie es un peque\u00f1o archivo que se almacena en tu navegador cuando visitas una p\u00e1gina web. Sirven para recordar tus preferencias y analizar la navegaci\u00f3n. Cookies utilizadas en este sitio Gesti\u00f3n de cookiesAl acceder al sitio, se te informa sobre el uso de cookies. Puedes aceptar, rechazar o configurar su uso [&hellip;]","og_url":"https:\/\/asadorfaneco.com\/es\/politica-de-cookies\/","og_site_name":"Asador Faneco","article_modified_time":"2025-09-11T20:59:42+00:00","twitter_card":"summary_large_image","twitter_misc":{"Tiempo de lectura":"1 minuto"},"schema":{"@context":"https:\/\/schema.org","@graph":[{"@type":"WebPage","@id":"https:\/\/asadorfaneco.com\/politica-de-cookies\/","url":"https:\/\/asadorfaneco.com\/politica-de-cookies\/","name":"Pol\u00edtica de Cookies - Asador Faneco","isPartOf":{"@id":"https:\/\/asadorfaneco.com\/#website"},"datePublished":"2025-08-01T11:09:14+00:00","dateModified":"2025-09-11T20:59:42+00:00","breadcrumb":{"@id":"https:\/\/asadorfaneco.com\/politica-de-cookies\/#breadcrumb"},"inLanguage":"es","potentialAction":[{"@type":"ReadAction","target":["https:\/\/asadorfaneco.com\/politica-de-cookies\/"]}]},{"@type":"BreadcrumbList","@id":"https:\/\/asadorfaneco.com\/politica-de-cookies\/#breadcrumb","itemListElement":[{"@type":"ListItem","position":1,"name":"Home","item":"https:\/\/asadorfaneco.com\/"},{"@type":"ListItem","position":2,"name":"Pol\u00edtica de Cookies"}]},{"@type":"WebSite","@id":"https:\/\/asadorfaneco.com\/#website","url":"https:\/\/asadorfaneco.com\/","name":"Asador Faneco","description":"Brasas, m\u00fasica y naturaleza","potentialAction":[{"@type":"SearchAction","target":{"@type":"EntryPoint","urlTemplate":"https:\/\/asadorfaneco.com\/?s={search_term_string}"},"query-input":{"@type":"PropertyValueSpecification","valueRequired":true,"valueName":"search_term_string"}}],"inLanguage":"es"}]}},"jetpack_sharing_enabled":true,"_links":{"self":[{"href":"https:\/\/asadorfaneco.com\/es\/wp-json\/wp\/v2\/pages\/505","targetHints":{"allow":["GET"]}}],"collection":[{"href":"https:\/\/asadorfaneco.com\/es\/wp-json\/wp\/v2\/pages"}],"about":[{"href":"https:\/\/asadorfaneco.com\/es\/wp-json\/wp\/v2\/types\/page"}],"author":[{"embeddable":true,"href":"https:\/\/asadorfaneco.com\/es\/wp-json\/wp\/v2\/users\/1"}],"replies":[{"embeddable":true,"href":"https:\/\/asadorfaneco.com\/es\/wp-json\/wp\/v2\/comments?post=505"}],"version-history":[{"count":2,"href":"https:\/\/asadorfaneco.com\/es\/wp-json\/wp\/v2\/pages\/505\/revisions"}],"predecessor-version":[{"id":874,"href":"https:\/\/asadorfaneco.com\/es\/wp-json\/wp\/v2\/pages\/505\/revisions\/874"}],"wp:attachment":[{"href":"https:\/\/asadorfaneco.com\/es\/wp-json\/wp\/v2\/media?parent=505"}],"curies":[{"name":"wp","href":"https:\/\/api.w.org\/{rel}","templated":true}]}}