{"id":506,"date":"2025-08-01T11:09:18","date_gmt":"2025-08-01T11:09:18","guid":{"rendered":"https:\/\/asadorfaneco.com\/?page_id=506"},"modified":"2025-09-11T20:34:46","modified_gmt":"2025-09-11T20:34:46","slug":"aviso-legal","status":"publish","type":"page","link":"https:\/\/asadorfaneco.com\/gl\/aviso-legal\/","title":{"rendered":"Aviso Legal"},"content":{"rendered":"<p class=\"\"><strong>Titular del sitio web<\/strong>:<br>VIGO E OS CATRO ELEMENTOS, SLU<br>NIF: B09770975<br>Domicilio: Parque Forestal de Beade, Estrada Marcosende S\/N, 36310 Vigo, Pontevedra<br>Email de contacto: info@asadorfaneco.com<\/p>\n\n\n\n<p class=\"\"><strong>Objeto<\/strong><br>El presente sitio web tiene car\u00e1cter meramente informativo sobre la actividad del restaurante Asador Faneco. El acceso y navegaci\u00f3n por el sitio implican la aceptaci\u00f3n de los t\u00e9rminos establecidos en este aviso.<\/p>\n\n\n\n<p class=\"\"><strong>Propiedad intelectual e industrial<\/strong><br>Todos los contenidos de esta web, incluyendo textos, im\u00e1genes, logotipos, dise\u00f1o y estructura, son titularidad de VIGO E OS CATRO ELEMENTOS, SLU o de terceros con autorizaci\u00f3n. Queda prohibida su reproducci\u00f3n sin consentimiento expreso.<\/p>\n\n\n\n<p class=\"\"><strong>Responsabilidad<\/strong><br>El titular no se responsabiliza del mal uso de los contenidos de este sitio, ni de posibles errores o interrupciones del servicio. Tampoco se responsabiliza del contenido de enlaces externos.<\/p>\n\n\n\n<p class=\"\"><strong>Legislaci\u00f3n aplicable<\/strong><br>Este aviso legal se rige por la legislaci\u00f3n espa\u00f1ola. Para cualquier conflicto que pudiera derivarse del uso de la web, las partes se someter\u00e1n a los juzgados de Vigo, Pontevedra.<\/p>","protected":false},"excerpt":{"rendered":"<p>Titular del sitio web:VIGO E OS CATRO ELEMENTOS, SLUNIF: B09770975Domicilio: Parque Forestal de Beade, Estrada Marcosende S\/N, 36310 Vigo, PontevedraEmail de contacto: info@asadorfaneco.com ObjetoEl presente sitio web tiene car\u00e1cter meramente informativo sobre la actividad del restaurante Asador Faneco. El acceso y navegaci\u00f3n por el sitio implican la aceptaci\u00f3n de los t\u00e9rminos establecidos en este aviso. [&hellip;]<\/p>\n","protected":false},"author":1,"featured_media":0,"parent":0,"menu_order":0,"comment_status":"closed","ping_status":"closed","template":"","meta":{"nf_dc_page":"","om_disable_all_campaigns":false,"_monsterinsights_skip_tracking":false,"_monsterinsights_sitenote_active":false,"_monsterinsights_sitenote_note":"","_monsterinsights_sitenote_category":0,"footnotes":""},"class_list":["post-506","page","type-page","status-publish","hentry"],"yoast_head":"<!-- This site is optimized with the Yoast SEO plugin v27.5 - https:\/\/yoast.com\/product\/yoast-seo-wordpress\/ -->\n<title>Aviso Legal - Asador Faneco<\/title>\n<meta name=\"robots\" content=\"index, follow, max-snippet:-1, max-image-preview:large, max-video-preview:-1\" \/>\n<link rel=\"canonical\" href=\"https:\/\/asadorfaneco.com\/gl\/aviso-legal\/\" \/>\n<meta property=\"og:locale\" content=\"gl_ES\" \/>\n<meta property=\"og:type\" content=\"article\" \/>\n<meta property=\"og:title\" content=\"Aviso Legal - Asador Faneco\" \/>\n<meta property=\"og:description\" content=\"Titular del sitio web:VIGO E OS CATRO ELEMENTOS, SLUNIF: B09770975Domicilio: Parque Forestal de Beade, Estrada Marcosende S\/N, 36310 Vigo, PontevedraEmail de contacto: info@asadorfaneco.com ObjetoEl presente sitio web tiene car\u00e1cter meramente informativo sobre la actividad del restaurante Asador Faneco. El acceso y navegaci\u00f3n por el sitio implican la aceptaci\u00f3n de los t\u00e9rminos establecidos en este aviso. [&hellip;]\" \/>\n<meta property=\"og:url\" content=\"https:\/\/asadorfaneco.com\/gl\/aviso-legal\/\" \/>\n<meta property=\"og:site_name\" content=\"Asador Faneco\" \/>\n<meta property=\"article:modified_time\" content=\"2025-09-11T20:34:46+00:00\" \/>\n<meta name=\"twitter:card\" content=\"summary_large_image\" \/>\n<meta name=\"twitter:label1\" content=\"Tempo de lectura\" \/>\n\t<meta name=\"twitter:data1\" content=\"1 minuto\" \/>\n<script type=\"application\/ld+json\" class=\"yoast-schema-graph\">{\"@context\":\"https:\\\/\\\/schema.org\",\"@graph\":[{\"@type\":\"WebPage\",\"@id\":\"https:\\\/\\\/asadorfaneco.com\\\/aviso-legal\\\/\",\"url\":\"https:\\\/\\\/asadorfaneco.com\\\/aviso-legal\\\/\",\"name\":\"Aviso Legal - Asador Faneco\",\"isPartOf\":{\"@id\":\"https:\\\/\\\/asadorfaneco.com\\\/#website\"},\"datePublished\":\"2025-08-01T11:09:18+00:00\",\"dateModified\":\"2025-09-11T20:34:46+00:00\",\"breadcrumb\":{\"@id\":\"https:\\\/\\\/asadorfaneco.com\\\/aviso-legal\\\/#breadcrumb\"},\"inLanguage\":\"gl-ES\",\"potentialAction\":[{\"@type\":\"ReadAction\",\"target\":[\"https:\\\/\\\/asadorfaneco.com\\\/aviso-legal\\\/\"]}]},{\"@type\":\"BreadcrumbList\",\"@id\":\"https:\\\/\\\/asadorfaneco.com\\\/aviso-legal\\\/#breadcrumb\",\"itemListElement\":[{\"@type\":\"ListItem\",\"position\":1,\"name\":\"Home\",\"item\":\"https:\\\/\\\/asadorfaneco.com\\\/\"},{\"@type\":\"ListItem\",\"position\":2,\"name\":\"Aviso Legal\"}]},{\"@type\":\"WebSite\",\"@id\":\"https:\\\/\\\/asadorfaneco.com\\\/#website\",\"url\":\"https:\\\/\\\/asadorfaneco.com\\\/\",\"name\":\"Asador Faneco\",\"description\":\"Brasas, m\u00fasica y naturaleza\",\"potentialAction\":[{\"@type\":\"SearchAction\",\"target\":{\"@type\":\"EntryPoint\",\"urlTemplate\":\"https:\\\/\\\/asadorfaneco.com\\\/?s={search_term_string}\"},\"query-input\":{\"@type\":\"PropertyValueSpecification\",\"valueRequired\":true,\"valueName\":\"search_term_string\"}}],\"inLanguage\":\"gl-ES\"}]}<\/script>\n<!-- \/ Yoast SEO plugin. -->","yoast_head_json":{"title":"Aviso Legal - Asador Faneco","robots":{"index":"index","follow":"follow","max-snippet":"max-snippet:-1","max-image-preview":"max-image-preview:large","max-video-preview":"max-video-preview:-1"},"canonical":"https:\/\/asadorfaneco.com\/gl\/aviso-legal\/","og_locale":"gl_ES","og_type":"article","og_title":"Aviso Legal - Asador Faneco","og_description":"Titular del sitio web:VIGO E OS CATRO ELEMENTOS, SLUNIF: B09770975Domicilio: Parque Forestal de Beade, Estrada Marcosende S\/N, 36310 Vigo, PontevedraEmail de contacto: info@asadorfaneco.com ObjetoEl presente sitio web tiene car\u00e1cter meramente informativo sobre la actividad del restaurante Asador Faneco. El acceso y navegaci\u00f3n por el sitio implican la aceptaci\u00f3n de los t\u00e9rminos establecidos en este aviso. [&hellip;]","og_url":"https:\/\/asadorfaneco.com\/gl\/aviso-legal\/","og_site_name":"Asador Faneco","article_modified_time":"2025-09-11T20:34:46+00:00","twitter_card":"summary_large_image","twitter_misc":{"Tempo de lectura":"1 minuto"},"schema":{"@context":"https:\/\/schema.org","@graph":[{"@type":"WebPage","@id":"https:\/\/asadorfaneco.com\/aviso-legal\/","url":"https:\/\/asadorfaneco.com\/aviso-legal\/","name":"Aviso Legal - Asador Faneco","isPartOf":{"@id":"https:\/\/asadorfaneco.com\/#website"},"datePublished":"2025-08-01T11:09:18+00:00","dateModified":"2025-09-11T20:34:46+00:00","breadcrumb":{"@id":"https:\/\/asadorfaneco.com\/aviso-legal\/#breadcrumb"},"inLanguage":"gl-ES","potentialAction":[{"@type":"ReadAction","target":["https:\/\/asadorfaneco.com\/aviso-legal\/"]}]},{"@type":"BreadcrumbList","@id":"https:\/\/asadorfaneco.com\/aviso-legal\/#breadcrumb","itemListElement":[{"@type":"ListItem","position":1,"name":"Home","item":"https:\/\/asadorfaneco.com\/"},{"@type":"ListItem","position":2,"name":"Aviso Legal"}]},{"@type":"WebSite","@id":"https:\/\/asadorfaneco.com\/#website","url":"https:\/\/asadorfaneco.com\/","name":"Asador Faneco","description":"Brasas, m\u00fasica y naturaleza","potentialAction":[{"@type":"SearchAction","target":{"@type":"EntryPoint","urlTemplate":"https:\/\/asadorfaneco.com\/?s={search_term_string}"},"query-input":{"@type":"PropertyValueSpecification","valueRequired":true,"valueName":"search_term_string"}}],"inLanguage":"gl-ES"}]}},"jetpack_sharing_enabled":true,"_links":{"self":[{"href":"https:\/\/asadorfaneco.com\/gl\/wp-json\/wp\/v2\/pages\/506","targetHints":{"allow":["GET"]}}],"collection":[{"href":"https:\/\/asadorfaneco.com\/gl\/wp-json\/wp\/v2\/pages"}],"about":[{"href":"https:\/\/asadorfaneco.com\/gl\/wp-json\/wp\/v2\/types\/page"}],"author":[{"embeddable":true,"href":"https:\/\/asadorfaneco.com\/gl\/wp-json\/wp\/v2\/users\/1"}],"replies":[{"embeddable":true,"href":"https:\/\/asadorfaneco.com\/gl\/wp-json\/wp\/v2\/comments?post=506"}],"version-history":[{"count":2,"href":"https:\/\/asadorfaneco.com\/gl\/wp-json\/wp\/v2\/pages\/506\/revisions"}],"predecessor-version":[{"id":858,"href":"https:\/\/asadorfaneco.com\/gl\/wp-json\/wp\/v2\/pages\/506\/revisions\/858"}],"wp:attachment":[{"href":"https:\/\/asadorfaneco.com\/gl\/wp-json\/wp\/v2\/media?parent=506"}],"curies":[{"name":"wp","href":"https:\/\/api.w.org\/{rel}","templated":true}]}}